{"id":834,"date":"2021-12-29T18:08:06","date_gmt":"2021-12-29T16:08:06","guid":{"rendered":"https:\/\/kinderboerderijskik.nl\/?page_id=834"},"modified":"2021-12-29T18:38:10","modified_gmt":"2021-12-29T16:38:10","slug":"geschiedenis-kinderboerderij-skik","status":"publish","type":"page","link":"https:\/\/oud2022.kinderboerderijskik.nl\/?page_id=834","title":{"rendered":"Geschiedenis kinderboerderij SKIK"},"content":{"rendered":"\t\t<div data-elementor-type=\"wp-page\" data-elementor-id=\"834\" class=\"elementor elementor-834\">\n\t\t\t\t\t\t<section class=\"elementor-section elementor-top-section elementor-element elementor-element-e3f56e0 elementor-section-boxed elementor-section-height-default elementor-section-height-default\" data-id=\"e3f56e0\" data-element_type=\"section\" data-e-type=\"section\">\n\t\t\t\t\t\t<div class=\"elementor-container elementor-column-gap-default\">\n\t\t\t\t\t<div class=\"elementor-column elementor-col-100 elementor-top-column elementor-element elementor-element-82e8b18\" data-id=\"82e8b18\" data-element_type=\"column\" data-e-type=\"column\">\n\t\t\t<div class=\"elementor-widget-wrap elementor-element-populated\">\n\t\t\t\t\t\t<div class=\"elementor-element elementor-element-54adb74 elementor-widget elementor-widget-image\" data-id=\"54adb74\" data-element_type=\"widget\" data-e-type=\"widget\" data-widget_type=\"image.default\">\n\t\t\t\t<div class=\"elementor-widget-container\">\n\t\t\t\t\t\t\t\t\t\t\t\t\t\t\t<img decoding=\"async\" src=\"https:\/\/oud2022.kinderboerderijskik.nl\/wp-content\/uploads\/elementor\/thumbs\/Opbouw-11-orq1zy1okqks9cucx0akhxoab31vxcqzdji94x18js.jpg\" title=\"Opbouw-11\" alt=\"Opbouw-11\" loading=\"lazy\" \/>\t\t\t\t\t\t\t\t\t\t\t\t\t\t\t<\/div>\n\t\t\t\t<\/div>\n\t\t\t\t<div class=\"elementor-element elementor-element-47d9164 elementor-widget elementor-widget-text-editor\" data-id=\"47d9164\" data-element_type=\"widget\" data-e-type=\"widget\" data-widget_type=\"text-editor.default\">\n\t\t\t\t<div class=\"elementor-widget-container\">\n\t\t\t\t\t\t\t\t\t<p><span style=\"text-decoration: underline;\"><strong>Apetrots op Educatieve kinderboerderij SKIK in Hoogkarspel.<\/strong><\/span> <br \/>Het is 23 december, een koude winteravond in 2003\u2026<\/p><p>Een groep enthousiastelingen komt voor het eerst bijeen <br \/>om te broeden op een ambitieus plan! In de groene gemeente Drechterland werd het tijd voor een educatieve <br \/>kinderboerderij, vonden zij!<\/p><p>De plek was snel duidelijk. De leegstaande schuur van de familie Reus en de <br \/>groenstrook aan de Zanglijster, tegenover de nieuwe brede school \u2018Het Reigersnest\u2019 waarin 2 scholen, een <br \/>peuterspeelzaal en Stichting Elan waren gevestigd\u2026<\/p><p><em><strong>zou d\u00e9 ideale plek zijn.<\/strong><\/em><\/p><p>De gemeente gaf na veel overleg groen licht en met vereende kracht van enorm veel kinderen en volwassenen, is <br \/>de Educatieve Kinderboerderij SKIK tot stand gekomen.<\/p><p>Sponsors, acties, subsidies, giften, man-\u00e9n vrouwkracht, <br \/>vakmanschap en h\u00e9\u00e9l v\u00e9\u00e9l doorzettingsvermogen, zorgden voor enthousiasme in heel Hoogkarspel! De plannen <br \/>werden steeds grootser en mooier en enige maanden v\u00f3\u00f3r de offici\u00eble opening op 22-23 augustus 2009, kreeg <br \/>kinderboerderij SKIK als kroon op al haar werk, de landelijke Kern met Pit-prijs aangeboden in het provinciehuis <br \/>in Haarlem. Wat een geweldige opsteker en wat waren we trots op het resultaat! Ambitieus als we waren <br \/>zouden we ons gaan onderscheiden van andere kinderboerderijen en ons zo uniek maken. Alleen zeldzame <br \/>huisdierrassen en de oorspronkelijke soorten die in Nederland thuis horen zouden we toelaten en natuurlijk wat <br \/>kleine meer vertrouwde huisdieren in de schuur. Ook wilden we de dieren ruimte geven en beleid voeren op het <br \/>aantal dieren dat per jaar in SKIK geboren zou worden. Heel belangrijk vonden we het opvoeden van kinderen en <br \/>volwassenen richting het verzorgen van dieren. Geen brood over het hek, niet doorlopend voeren maar vaste <br \/>voertijden en het juiste gezonde voer voor elk dier. Dit zou veel ziektes en daarmee dierenartskosten kunnen <br \/>besparen!<\/p><p>Na de bouw begon dus pas het \u00e9chte werk. Wie gaat de dieren verzorgen? Met de jaarlijkse subsidie <br \/>vanuit de gemeente en het geld vanuit ons eigen adoptiebeleid konden we geen betaalde beheerder aantrekken. <br \/>Nee, we zouden het samen gaan doen. De expertise was er, we konden terugvallen op ervaren dierverzorgers. <br \/>Samen zouden we de kar gaan trekken! En dat is gelukt! En hoe! <br \/>Verschillende groepen zijn op dit moment verantwoordelijk voor een afgebakende taak. De dierverzorgers \u2019s <br \/>morgens (vooral gepensioneerde mannen), de dierverzorgers \u2019s middags die een groepje kinderen begeleiden en <br \/>zo de dieren en boerderij verzorgen, de tuinploeg, de bouw-en onderhoudsploeg, de schilders etc\u2026<\/p><p>Bijna elke morgen zijn er ook mensen met een beperking aan het werk. Zij vinden er wekelijks een warme stal waar zij een <br \/>zinvolle taak hebben en veel gezelligheid met elkaar beleven! Educatieve kinderboerderij gaat op dit moment <br \/>ook voor Duurzaamheid. Zonnepanelen liggen al op het dak, Wecycle is al ingeburgerd en we hebben ook de <br \/>weloverwogen keuze gemaakt om Fairtradeproducten te gebruiken in SKIK. Ook geven we duurzaamheidslessen <br \/>en brengen het belang van Fairtrade onder de aandacht van de bovenbouwleerlingen. Een goed afsluitbare pui <br \/>met dubbele beglazing is recent gerealiseerd. Hierdoor zijn de stookkosten omlaag gebracht en kunnen we nog<br \/>meer gebruik maken van de grote schuur voor velerlei doeleinden. We zijn als kinderboerderij een plek waarin <br \/>we kinderen kunnen laten zien dat we zuinig met onze kostbare aarde moeten omgaan en willen een <br \/>voorbeeldfunctie zijn voor onze bezoekers, jong \u00e9n oud.<\/p><p>We zijn heel blij met de steun vanuit de gemeente en <br \/>het Co\u00f6peratiefonds van de Rabobank om onze plannen te realiseren.<\/p><p>Kinderboerderij SKIK werkt samen met de <br \/>Heemtuin en de Hengelsportvereniging \u2018Klokkeweel\u2019 in Hoogkarspel.<\/p><p>De activiteiten In SKIK zijn onbeperkt. <br \/>Excursies, lessen, vrijwilligersbijeenkomsten, lezingen, vergaderingen, cursussen, kerstvieringen, <br \/>verjaardagspartijtjes, dierendag, schaapscheren, gezamenlijk koffiedrinken, kinderboerdijweekend, de Paashaas, <br \/>theater etc\u2026<\/p><p>kortom een unieke kinderboerderij met vele mogelijkheden waar we dagelijks nog steeds heel trots <br \/>op zijn. Bent u nog nooit geweest, kom dan gerust eens langs en geniet net als wij van een prachtig onderhouden <br \/>kinderboerderij! Op de website kunt u zien wanneer we open zijn! De vele medewerkers willen u heel graag <br \/>rondleiden en neem uw kinderen (of kleinkinderen) vooral mee. Zij zullen smullen. Elk jaar krijgen de schapen en <br \/>geiten weer jongen en komen er ook twee zeldzame brandrode rundkalveren een tijdje in SKIK logeren. <br \/>De eerste lezing voor volwassenen heeft op 19 januari 2015 in een verwarmde boerderij plaatsgevonden. <br \/>Een varkenshok waarin we een zeldzaam ras zullen tonen, staat nog op ons verlanglijstje en voor een <br \/>gehandicaptenschommel zijn we aan het sparen. <br \/>U snapt\u2026we zijn nog steeds apetrots op dit mooie unieke stukje Hoogkarspel aan de Zanglijster 15 in <br \/>Hoogkarspel. <strong>U bent van harte welkom!<\/strong><\/p><p>Karin Braakman &#8211; maart 2015 \u2013 <a href=\"http:\/\/www.kinderboerderijskik.nl\" target=\"_blank\" rel=\"noopener\">www.kinderboerderijskik.nl<\/a><\/p>\t\t\t\t\t\t\t\t<\/div>\n\t\t\t\t<\/div>\n\t\t\t\t\t<\/div>\n\t\t<\/div>\n\t\t\t\t\t<\/div>\n\t\t<\/section>\n\t\t\t\t<section class=\"elementor-section elementor-top-section elementor-element elementor-element-20bef9b elementor-section-boxed elementor-section-height-default elementor-section-height-default\" data-id=\"20bef9b\" data-element_type=\"section\" data-e-type=\"section\">\n\t\t\t\t\t\t<div class=\"elementor-container elementor-column-gap-default\">\n\t\t\t\t\t<div class=\"elementor-column elementor-col-100 elementor-top-column elementor-element elementor-element-cecf995\" data-id=\"cecf995\" data-element_type=\"column\" data-e-type=\"column\">\n\t\t\t<div class=\"elementor-widget-wrap elementor-element-populated\">\n\t\t\t\t\t\t<div class=\"elementor-element elementor-element-3231c1b elementor-arrows-position-inside elementor-pagination-position-outside elementor-widget elementor-widget-image-carousel\" data-id=\"3231c1b\" data-element_type=\"widget\" data-e-type=\"widget\" data-settings=\"{&quot;slides_to_show&quot;:&quot;1&quot;,&quot;effect&quot;:&quot;fade&quot;,&quot;navigation&quot;:&quot;both&quot;,&quot;autoplay&quot;:&quot;yes&quot;,&quot;pause_on_hover&quot;:&quot;yes&quot;,&quot;pause_on_interaction&quot;:&quot;yes&quot;,&quot;autoplay_speed&quot;:5000,&quot;infinite&quot;:&quot;yes&quot;,&quot;speed&quot;:500}\" data-widget_type=\"image-carousel.default\">\n\t\t\t\t<div class=\"elementor-widget-container\">\n\t\t\t\t\t\t\t<div class=\"elementor-image-carousel-wrapper swiper\" role=\"region\" aria-roledescription=\"carousel\" aria-label=\"Afbeelding carrousel\" dir=\"ltr\">\n\t\t\t<div class=\"elementor-image-carousel swiper-wrapper\" aria-live=\"off\">\n\t\t\t\t\t\t\t\t<div class=\"swiper-slide\" role=\"group\" aria-roledescription=\"slide\" aria-label=\"1 van 38\"><figure class=\"swiper-slide-inner\"><img decoding=\"async\" class=\"swiper-slide-image\" src=\"https:\/\/oud2022.kinderboerderijskik.nl\/wp-content\/uploads\/2020\/06\/Opbouw-5.jpg\" alt=\"Opbouw-5\" \/><\/figure><\/div><div class=\"swiper-slide\" role=\"group\" aria-roledescription=\"slide\" aria-label=\"2 van 38\"><figure class=\"swiper-slide-inner\"><img decoding=\"async\" class=\"swiper-slide-image\" src=\"https:\/\/oud2022.kinderboerderijskik.nl\/wp-content\/uploads\/2020\/06\/Opbouw-6.jpg\" alt=\"Opbouw-6\" \/><\/figure><\/div><div class=\"swiper-slide\" role=\"group\" aria-roledescription=\"slide\" aria-label=\"3 van 38\"><figure class=\"swiper-slide-inner\"><img decoding=\"async\" class=\"swiper-slide-image\" src=\"https:\/\/oud2022.kinderboerderijskik.nl\/wp-content\/uploads\/2020\/06\/Opbouw-7.jpg\" alt=\"Opbouw-7\" \/><\/figure><\/div><div class=\"swiper-slide\" role=\"group\" aria-roledescription=\"slide\" aria-label=\"4 van 38\"><figure class=\"swiper-slide-inner\"><img decoding=\"async\" class=\"swiper-slide-image\" src=\"https:\/\/oud2022.kinderboerderijskik.nl\/wp-content\/uploads\/2020\/06\/Opbouw-8.jpg\" alt=\"Opbouw-8\" \/><\/figure><\/div><div class=\"swiper-slide\" role=\"group\" aria-roledescription=\"slide\" aria-label=\"5 van 38\"><figure class=\"swiper-slide-inner\"><img decoding=\"async\" class=\"swiper-slide-image\" src=\"https:\/\/oud2022.kinderboerderijskik.nl\/wp-content\/uploads\/2020\/06\/Opbouw-9.jpg\" alt=\"Opbouw-9\" \/><\/figure><\/div><div class=\"swiper-slide\" role=\"group\" aria-roledescription=\"slide\" aria-label=\"6 van 38\"><figure class=\"swiper-slide-inner\"><img decoding=\"async\" class=\"swiper-slide-image\" src=\"https:\/\/oud2022.kinderboerderijskik.nl\/wp-content\/uploads\/2020\/06\/Opbouw-10.jpg\" alt=\"Opbouw-10\" \/><\/figure><\/div><div class=\"swiper-slide\" role=\"group\" aria-roledescription=\"slide\" aria-label=\"7 van 38\"><figure class=\"swiper-slide-inner\"><img decoding=\"async\" class=\"swiper-slide-image\" src=\"https:\/\/oud2022.kinderboerderijskik.nl\/wp-content\/uploads\/2020\/06\/Opbouw-11.jpg\" alt=\"Opbouw-11\" \/><\/figure><\/div><div class=\"swiper-slide\" role=\"group\" aria-roledescription=\"slide\" aria-label=\"8 van 38\"><figure class=\"swiper-slide-inner\"><img decoding=\"async\" class=\"swiper-slide-image\" src=\"https:\/\/oud2022.kinderboerderijskik.nl\/wp-content\/uploads\/2020\/06\/Opbouw-12.jpg\" alt=\"Opbouw-12\" \/><\/figure><\/div><div class=\"swiper-slide\" role=\"group\" aria-roledescription=\"slide\" aria-label=\"9 van 38\"><figure class=\"swiper-slide-inner\"><img decoding=\"async\" class=\"swiper-slide-image\" src=\"https:\/\/oud2022.kinderboerderijskik.nl\/wp-content\/uploads\/2020\/06\/Opbouw-13.jpg\" alt=\"Opbouw-13\" \/><\/figure><\/div><div class=\"swiper-slide\" role=\"group\" aria-roledescription=\"slide\" aria-label=\"10 van 38\"><figure class=\"swiper-slide-inner\"><img decoding=\"async\" class=\"swiper-slide-image\" src=\"https:\/\/oud2022.kinderboerderijskik.nl\/wp-content\/uploads\/2020\/06\/Opbouw-14.jpg\" alt=\"Opbouw-14\" \/><\/figure><\/div><div class=\"swiper-slide\" role=\"group\" aria-roledescription=\"slide\" aria-label=\"11 van 38\"><figure class=\"swiper-slide-inner\"><img decoding=\"async\" class=\"swiper-slide-image\" src=\"https:\/\/oud2022.kinderboerderijskik.nl\/wp-content\/uploads\/2020\/06\/Opbouw-15.jpg\" alt=\"Opbouw-15\" \/><\/figure><\/div><div class=\"swiper-slide\" role=\"group\" aria-roledescription=\"slide\" aria-label=\"12 van 38\"><figure class=\"swiper-slide-inner\"><img decoding=\"async\" class=\"swiper-slide-image\" src=\"https:\/\/oud2022.kinderboerderijskik.nl\/wp-content\/uploads\/2020\/06\/Opbouw-16.jpg\" alt=\"Opbouw-16\" \/><\/figure><\/div><div class=\"swiper-slide\" role=\"group\" aria-roledescription=\"slide\" aria-label=\"13 van 38\"><figure class=\"swiper-slide-inner\"><img decoding=\"async\" class=\"swiper-slide-image\" src=\"https:\/\/oud2022.kinderboerderijskik.nl\/wp-content\/uploads\/2020\/06\/Opbouw-17.jpg\" alt=\"Opbouw-17\" \/><\/figure><\/div><div class=\"swiper-slide\" role=\"group\" aria-roledescription=\"slide\" aria-label=\"14 van 38\"><figure class=\"swiper-slide-inner\"><img decoding=\"async\" class=\"swiper-slide-image\" src=\"https:\/\/oud2022.kinderboerderijskik.nl\/wp-content\/uploads\/2020\/06\/Opbouw-18.jpg\" alt=\"Opbouw-18\" \/><\/figure><\/div><div class=\"swiper-slide\" role=\"group\" aria-roledescription=\"slide\" aria-label=\"15 van 38\"><figure class=\"swiper-slide-inner\"><img decoding=\"async\" class=\"swiper-slide-image\" src=\"https:\/\/oud2022.kinderboerderijskik.nl\/wp-content\/uploads\/2020\/06\/Opbouw-19.jpg\" alt=\"Opbouw-19\" \/><\/figure><\/div><div class=\"swiper-slide\" role=\"group\" aria-roledescription=\"slide\" aria-label=\"16 van 38\"><figure class=\"swiper-slide-inner\"><img decoding=\"async\" class=\"swiper-slide-image\" src=\"https:\/\/oud2022.kinderboerderijskik.nl\/wp-content\/uploads\/2020\/06\/Opbouw-20.jpg\" alt=\"Opbouw-20\" \/><\/figure><\/div><div class=\"swiper-slide\" role=\"group\" aria-roledescription=\"slide\" aria-label=\"17 van 38\"><figure class=\"swiper-slide-inner\"><img decoding=\"async\" class=\"swiper-slide-image\" src=\"https:\/\/oud2022.kinderboerderijskik.nl\/wp-content\/uploads\/2020\/06\/Opbouw-23.jpg\" alt=\"Opbouw-23\" \/><\/figure><\/div><div class=\"swiper-slide\" role=\"group\" aria-roledescription=\"slide\" aria-label=\"18 van 38\"><figure class=\"swiper-slide-inner\"><img decoding=\"async\" class=\"swiper-slide-image\" src=\"https:\/\/oud2022.kinderboerderijskik.nl\/wp-content\/uploads\/2020\/06\/Opbouw-21.jpg\" alt=\"Opbouw-21\" \/><\/figure><\/div><div class=\"swiper-slide\" role=\"group\" aria-roledescription=\"slide\" aria-label=\"19 van 38\"><figure class=\"swiper-slide-inner\"><img decoding=\"async\" class=\"swiper-slide-image\" src=\"https:\/\/oud2022.kinderboerderijskik.nl\/wp-content\/uploads\/2020\/06\/Opbouw-24.jpg\" alt=\"Opbouw-24\" \/><\/figure><\/div><div class=\"swiper-slide\" role=\"group\" aria-roledescription=\"slide\" aria-label=\"20 van 38\"><figure class=\"swiper-slide-inner\"><img decoding=\"async\" class=\"swiper-slide-image\" src=\"https:\/\/oud2022.kinderboerderijskik.nl\/wp-content\/uploads\/2020\/06\/Opbouw-25.jpg\" alt=\"Opbouw-25\" \/><\/figure><\/div><div class=\"swiper-slide\" role=\"group\" aria-roledescription=\"slide\" aria-label=\"21 van 38\"><figure class=\"swiper-slide-inner\"><img decoding=\"async\" class=\"swiper-slide-image\" src=\"https:\/\/oud2022.kinderboerderijskik.nl\/wp-content\/uploads\/2020\/06\/Opbouw-26.jpg\" alt=\"Opbouw-26\" \/><\/figure><\/div><div class=\"swiper-slide\" role=\"group\" aria-roledescription=\"slide\" aria-label=\"22 van 38\"><figure class=\"swiper-slide-inner\"><img decoding=\"async\" class=\"swiper-slide-image\" src=\"https:\/\/oud2022.kinderboerderijskik.nl\/wp-content\/uploads\/2020\/06\/Opbouw-27.jpg\" alt=\"Opbouw-27\" \/><\/figure><\/div><div class=\"swiper-slide\" role=\"group\" aria-roledescription=\"slide\" aria-label=\"23 van 38\"><figure class=\"swiper-slide-inner\"><img decoding=\"async\" class=\"swiper-slide-image\" src=\"https:\/\/oud2022.kinderboerderijskik.nl\/wp-content\/uploads\/2020\/06\/Opbouw-29.jpg\" alt=\"Opbouw-29\" \/><\/figure><\/div><div class=\"swiper-slide\" role=\"group\" aria-roledescription=\"slide\" aria-label=\"24 van 38\"><figure class=\"swiper-slide-inner\"><img decoding=\"async\" class=\"swiper-slide-image\" src=\"https:\/\/oud2022.kinderboerderijskik.nl\/wp-content\/uploads\/2020\/06\/Opbouw-28.jpg\" alt=\"Opbouw-28\" \/><\/figure><\/div><div class=\"swiper-slide\" role=\"group\" aria-roledescription=\"slide\" aria-label=\"25 van 38\"><figure class=\"swiper-slide-inner\"><img decoding=\"async\" class=\"swiper-slide-image\" src=\"https:\/\/oud2022.kinderboerderijskik.nl\/wp-content\/uploads\/2020\/06\/Opbouw-30.jpg\" alt=\"Opbouw-30\" \/><\/figure><\/div><div class=\"swiper-slide\" role=\"group\" aria-roledescription=\"slide\" aria-label=\"26 van 38\"><figure class=\"swiper-slide-inner\"><img decoding=\"async\" class=\"swiper-slide-image\" src=\"https:\/\/oud2022.kinderboerderijskik.nl\/wp-content\/uploads\/2020\/06\/Opbouw-31.jpg\" alt=\"Opbouw-31\" \/><\/figure><\/div><div class=\"swiper-slide\" role=\"group\" aria-roledescription=\"slide\" aria-label=\"27 van 38\"><figure class=\"swiper-slide-inner\"><img decoding=\"async\" class=\"swiper-slide-image\" src=\"https:\/\/oud2022.kinderboerderijskik.nl\/wp-content\/uploads\/2020\/06\/Opbouw-32.jpg\" alt=\"Opbouw-32\" \/><\/figure><\/div><div class=\"swiper-slide\" role=\"group\" aria-roledescription=\"slide\" aria-label=\"28 van 38\"><figure class=\"swiper-slide-inner\"><img decoding=\"async\" class=\"swiper-slide-image\" src=\"https:\/\/oud2022.kinderboerderijskik.nl\/wp-content\/uploads\/2020\/06\/Opbouw-33.jpg\" alt=\"Opbouw-33\" \/><\/figure><\/div><div class=\"swiper-slide\" role=\"group\" aria-roledescription=\"slide\" aria-label=\"29 van 38\"><figure class=\"swiper-slide-inner\"><img decoding=\"async\" class=\"swiper-slide-image\" src=\"https:\/\/oud2022.kinderboerderijskik.nl\/wp-content\/uploads\/2020\/06\/Opbouw-34.jpg\" alt=\"Opbouw-34\" \/><\/figure><\/div><div class=\"swiper-slide\" role=\"group\" aria-roledescription=\"slide\" aria-label=\"30 van 38\"><figure class=\"swiper-slide-inner\"><img decoding=\"async\" class=\"swiper-slide-image\" src=\"https:\/\/oud2022.kinderboerderijskik.nl\/wp-content\/uploads\/2020\/06\/Opbouw-35.jpg\" alt=\"Opbouw-35\" \/><\/figure><\/div><div class=\"swiper-slide\" role=\"group\" aria-roledescription=\"slide\" aria-label=\"31 van 38\"><figure class=\"swiper-slide-inner\"><img decoding=\"async\" class=\"swiper-slide-image\" src=\"https:\/\/oud2022.kinderboerderijskik.nl\/wp-content\/uploads\/2020\/06\/Opening.jpg\" alt=\"Opening\" \/><\/figure><\/div><div class=\"swiper-slide\" role=\"group\" aria-roledescription=\"slide\" aria-label=\"32 van 38\"><figure class=\"swiper-slide-inner\"><img decoding=\"async\" class=\"swiper-slide-image\" src=\"https:\/\/oud2022.kinderboerderijskik.nl\/wp-content\/uploads\/2020\/06\/Opbouw-36.jpg\" alt=\"Opbouw-36\" \/><\/figure><\/div><div class=\"swiper-slide\" role=\"group\" aria-roledescription=\"slide\" aria-label=\"33 van 38\"><figure class=\"swiper-slide-inner\"><img decoding=\"async\" class=\"swiper-slide-image\" src=\"https:\/\/oud2022.kinderboerderijskik.nl\/wp-content\/uploads\/2020\/06\/opening_skik-1-1024x682.jpg\" alt=\"opening_skik-1\" \/><\/figure><\/div><div class=\"swiper-slide\" role=\"group\" aria-roledescription=\"slide\" aria-label=\"34 van 38\"><figure class=\"swiper-slide-inner\"><img decoding=\"async\" class=\"swiper-slide-image\" src=\"https:\/\/oud2022.kinderboerderijskik.nl\/wp-content\/uploads\/2020\/06\/opening_skik-2-1024x682.jpg\" alt=\"opening_skik-2\" \/><\/figure><\/div><div class=\"swiper-slide\" role=\"group\" aria-roledescription=\"slide\" aria-label=\"35 van 38\"><figure class=\"swiper-slide-inner\"><img decoding=\"async\" class=\"swiper-slide-image\" src=\"https:\/\/oud2022.kinderboerderijskik.nl\/wp-content\/uploads\/2020\/06\/opening_skik-3-1024x682.jpg\" alt=\"opening_skik-3\" \/><\/figure><\/div><div class=\"swiper-slide\" role=\"group\" aria-roledescription=\"slide\" aria-label=\"36 van 38\"><figure class=\"swiper-slide-inner\"><img decoding=\"async\" class=\"swiper-slide-image\" src=\"https:\/\/oud2022.kinderboerderijskik.nl\/wp-content\/uploads\/2020\/06\/opening_skik-4-1024x682.jpg\" alt=\"opening_skik-4\" \/><\/figure><\/div><div class=\"swiper-slide\" role=\"group\" aria-roledescription=\"slide\" aria-label=\"37 van 38\"><figure class=\"swiper-slide-inner\"><img decoding=\"async\" class=\"swiper-slide-image\" src=\"https:\/\/oud2022.kinderboerderijskik.nl\/wp-content\/uploads\/2020\/06\/opening_skik-6.jpg\" alt=\"opening_skik-6\" \/><\/figure><\/div><div class=\"swiper-slide\" role=\"group\" aria-roledescription=\"slide\" aria-label=\"38 van 38\"><figure class=\"swiper-slide-inner\"><img decoding=\"async\" class=\"swiper-slide-image\" src=\"https:\/\/oud2022.kinderboerderijskik.nl\/wp-content\/uploads\/2020\/06\/opening_skik-5-1024x682.jpg\" alt=\"opening_skik-5\" \/><\/figure><\/div>\t\t\t<\/div>\n\t\t\t\t\t\t\t\t\t\t\t\t<div class=\"elementor-swiper-button elementor-swiper-button-prev\" role=\"button\" tabindex=\"0\">\n\t\t\t\t\t\t<i aria-hidden=\"true\" class=\"eicon-chevron-left\"><\/i>\t\t\t\t\t<\/div>\n\t\t\t\t\t<div class=\"elementor-swiper-button elementor-swiper-button-next\" role=\"button\" tabindex=\"0\">\n\t\t\t\t\t\t<i aria-hidden=\"true\" class=\"eicon-chevron-right\"><\/i>\t\t\t\t\t<\/div>\n\t\t\t\t\n\t\t\t\t\t\t\t\t\t<div class=\"swiper-pagination\"><\/div>\n\t\t\t\t\t\t\t\t\t<\/div>\n\t\t\t\t\t\t<\/div>\n\t\t\t\t<\/div>\n\t\t\t\t\t<\/div>\n\t\t<\/div>\n\t\t\t\t\t<\/div>\n\t\t<\/section>\n\t\t\t\t<section class=\"elementor-section elementor-top-section elementor-element elementor-element-1bcfd6d elementor-section-boxed elementor-section-height-default elementor-section-height-default\" data-id=\"1bcfd6d\" data-element_type=\"section\" data-e-type=\"section\">\n\t\t\t\t\t\t<div class=\"elementor-container elementor-column-gap-default\">\n\t\t\t\t\t<div class=\"elementor-column elementor-col-100 elementor-top-column elementor-element elementor-element-600c92a\" data-id=\"600c92a\" data-element_type=\"column\" data-e-type=\"column\">\n\t\t\t<div class=\"elementor-widget-wrap elementor-element-populated\">\n\t\t\t\t\t\t<div class=\"elementor-element elementor-element-eaba892 elementor-align-center elementor-widget elementor-widget-button\" data-id=\"eaba892\" data-element_type=\"widget\" data-e-type=\"widget\" data-widget_type=\"button.default\">\n\t\t\t\t<div class=\"elementor-widget-container\">\n\t\t\t\t\t\t\t\t\t<div class=\"elementor-button-wrapper\">\n\t\t\t\t\t<a class=\"elementor-button elementor-button-link elementor-size-sm\" href=\"https:\/\/oud2022.kinderboerderijskik.nl\/?page_id=652\">\n\t\t\t\t\t\t<span class=\"elementor-button-content-wrapper\">\n\t\t\t\t\t\t\t\t\t<span class=\"elementor-button-text\">Terug<\/span>\n\t\t\t\t\t<\/span>\n\t\t\t\t\t<\/a>\n\t\t\t\t<\/div>\n\t\t\t\t\t\t\t\t<\/div>\n\t\t\t\t<\/div>\n\t\t\t\t\t<\/div>\n\t\t<\/div>\n\t\t\t\t\t<\/div>\n\t\t<\/section>\n\t\t\t\t<section class=\"elementor-section elementor-top-section elementor-element elementor-element-d078309 elementor-section-boxed elementor-section-height-default elementor-section-height-default\" data-id=\"d078309\" data-element_type=\"section\" data-e-type=\"section\">\n\t\t\t\t\t\t<div class=\"elementor-container elementor-column-gap-default\">\n\t\t\t\t\t<div class=\"elementor-column elementor-col-100 elementor-top-column elementor-element elementor-element-2264d93\" data-id=\"2264d93\" data-element_type=\"column\" data-e-type=\"column\">\n\t\t\t<div class=\"elementor-widget-wrap\">\n\t\t\t\t\t\t\t<\/div>\n\t\t<\/div>\n\t\t\t\t\t<\/div>\n\t\t<\/section>\n\t\t\t\t<\/div>\n\t\t","protected":false},"excerpt":{"rendered":"<p>Apetrots op Educatieve kinderboerderij SKIK in Hoogkarspel. Het is 23 december, een koude winteravond in 2003\u2026 Een groep enthousiastelingen komt voor het eerst bijeen om te broeden op een ambitieus plan! In de groene gemeente Drechterland werd het tijd voor een educatieve kinderboerderij, vonden zij! De plek was snel duidelijk. De leegstaande schuur van de [&hellip;]<\/p>\n","protected":false},"author":1,"featured_media":0,"parent":0,"menu_order":0,"comment_status":"closed","ping_status":"closed","template":"","meta":{"footnotes":""},"class_list":["post-834","page","type-page","status-publish","hentry"],"_links":{"self":[{"href":"https:\/\/oud2022.kinderboerderijskik.nl\/index.php?rest_route=\/wp\/v2\/pages\/834","targetHints":{"allow":["GET"]}}],"collection":[{"href":"https:\/\/oud2022.kinderboerderijskik.nl\/index.php?rest_route=\/wp\/v2\/pages"}],"about":[{"href":"https:\/\/oud2022.kinderboerderijskik.nl\/index.php?rest_route=\/wp\/v2\/types\/page"}],"author":[{"embeddable":true,"href":"https:\/\/oud2022.kinderboerderijskik.nl\/index.php?rest_route=\/wp\/v2\/users\/1"}],"replies":[{"embeddable":true,"href":"https:\/\/oud2022.kinderboerderijskik.nl\/index.php?rest_route=%2Fwp%2Fv2%2Fcomments&post=834"}],"version-history":[{"count":24,"href":"https:\/\/oud2022.kinderboerderijskik.nl\/index.php?rest_route=\/wp\/v2\/pages\/834\/revisions"}],"predecessor-version":[{"id":863,"href":"https:\/\/oud2022.kinderboerderijskik.nl\/index.php?rest_route=\/wp\/v2\/pages\/834\/revisions\/863"}],"wp:attachment":[{"href":"https:\/\/oud2022.kinderboerderijskik.nl\/index.php?rest_route=%2Fwp%2Fv2%2Fmedia&parent=834"}],"curies":[{"name":"wp","href":"https:\/\/api.w.org\/{rel}","templated":true}]}}